{"id":22,"date":"2025-08-05T12:11:34","date_gmt":"2025-08-05T10:11:34","guid":{"rendered":"https:\/\/www.emdekonsult.se\/?page_id=22"},"modified":"2025-08-05T13:38:37","modified_gmt":"2025-08-05T11:38:37","slug":"emde-konsult","status":"publish","type":"page","link":"https:\/\/www.emdekonsult.se\/","title":{"rendered":"V\u00e4lkommen till EMDE konsult"},"content":{"rendered":"\n<h2 class=\"wp-block-heading has-extra-large-font-size\">V\u00e4lkommen till EMDE konsult<\/h2>\n\n\n\n<h3 class=\"wp-block-heading has-green-color has-text-color has-link-color has-normal-font-size wp-elements-e8bfed83b842d7db8efc1bf271b1778b\">Konsulttj\u00e4nster inom HR och H\u00e4lsa <br>&#8211; f\u00f6r h\u00e5llbara m\u00e4nniskor och organisationer<\/h3>\n\n\n\n<h2 class=\"wp-block-heading has-small-font-size\">Hos EMDE konsult m\u00f6ter du expertis, engagemang och ett genuint fokus p\u00e5 m\u00e4nniskan. Jag erbjuder skr\u00e4ddarsydda tj\u00e4nster inom HR och  h\u00e4lsa \u2013 f\u00f6r f\u00f6retag som vill skapa en trygg, effektiv och v\u00e4lm\u00e5ende arbetsmilj\u00f6. Jag erbjuder:<\/h2>\n\n\n\n<ul class=\"wp-block-list\">\n<li class=\"has-small-font-size\"><strong>HR-strategi &amp; r\u00e5dgivning<\/strong> &#8211; f\u00f6r l\u00e5ngsiktig utveckling och l\u00f6nsamhet<\/li>\n\n\n\n<li class=\"has-small-font-size\"><strong>Ledarskapsst\u00f6d &amp; coachning<\/strong> &#8211; f\u00f6r h\u00e5llbar utveckling<\/li>\n\n\n\n<li class=\"has-small-font-size\"><strong>Utveckling av HR-funktion, organisation och arbetss\u00e4tt<\/strong> &#8211; f\u00f6r effektivt, aff\u00e4rsn\u00e4ra och utvecklande HR-st\u00f6d<\/li>\n\n\n\n<li class=\"has-small-font-size\"><strong>Professionellt genomf\u00f6rande<\/strong> &#8211; fr\u00e5n policy, vision och aff\u00e4rsplan till rutiner och arbetss\u00e4tt<\/li>\n\n\n\n<li class=\"has-small-font-size\"><strong>H\u00e4lsofr\u00e4mjande insatser<\/strong>&#8211; f\u00f6r \u00f6kad fysisk, psykisk och social h\u00e4lsa, trivsel och f\u00f6rb\u00e4ttrad arbetsmilj\u00f6<\/li>\n\n\n\n<li class=\"has-small-font-size\"><strong>Arbetsr\u00e4ttsligt st\u00f6d<\/strong> &#8211; R\u00e5dgivning, handledning och praktiskt genomf\u00f6rande<\/li>\n<\/ul>\n\n\n\n<p class=\"has-small-font-size\"><br>Kontakta g\u00e4rna mig via: <a href=\"mia@emdekonsult.se\">mia@emdekonsult.se,<\/a> alt. 072-544 60 95<\/p>\n\n\n\n<figure class=\"wp-block-gallery has-nested-images columns-default is-cropped wp-block-gallery-1 is-layout-flex wp-block-gallery-is-layout-flex\">\n<figure class=\"wp-block-image size-large is-style-rounded\"><img loading=\"lazy\" decoding=\"async\" width=\"512\" height=\"512\" data-id=\"33\" src=\"https:\/\/www.emdekonsult.se\/wp-content\/uploads\/2025\/04\/cropped-Mia-Dahlstrom-0311-scaled-1.jpg\" alt=\"\" class=\"wp-image-33\" srcset=\"https:\/\/www.emdekonsult.se\/wp-content\/uploads\/2025\/04\/cropped-Mia-Dahlstrom-0311-scaled-1.jpg 512w, https:\/\/www.emdekonsult.se\/wp-content\/uploads\/2025\/04\/cropped-Mia-Dahlstrom-0311-scaled-1-300x300.jpg 300w, https:\/\/www.emdekonsult.se\/wp-content\/uploads\/2025\/04\/cropped-Mia-Dahlstrom-0311-scaled-1-150x150.jpg 150w, https:\/\/www.emdekonsult.se\/wp-content\/uploads\/2025\/04\/cropped-Mia-Dahlstrom-0311-scaled-1-270x270.jpg 270w, https:\/\/www.emdekonsult.se\/wp-content\/uploads\/2025\/04\/cropped-Mia-Dahlstrom-0311-scaled-1-192x192.jpg 192w, https:\/\/www.emdekonsult.se\/wp-content\/uploads\/2025\/04\/cropped-Mia-Dahlstrom-0311-scaled-1-180x180.jpg 180w, https:\/\/www.emdekonsult.se\/wp-content\/uploads\/2025\/04\/cropped-Mia-Dahlstrom-0311-scaled-1-32x32.jpg 32w\" sizes=\"auto, (max-width: 512px) 100vw, 512px\" \/><\/figure>\n<\/figure>\n\n\n\n<p><\/p>\n\n\n\n<p><\/p>\n","protected":false},"excerpt":{"rendered":"<p>V\u00e4lkommen till EMDE konsult Konsulttj\u00e4nster inom HR och H\u00e4lsa &#8211; f\u00f6r h\u00e5llbara m\u00e4nniskor och organisationer Hos EMDE konsult m\u00f6ter du expertis, engagemang och ett genuint fokus p\u00e5 m\u00e4nniskan. Jag erbjuder skr\u00e4ddarsydda tj\u00e4nster inom HR och h\u00e4lsa \u2013 f\u00f6r f\u00f6retag som vill skapa en trygg, effektiv och v\u00e4lm\u00e5ende arbetsmilj\u00f6. Jag erbjuder: Kontakta g\u00e4rna mig via: mia@emdekonsult.se,&hellip; <a class=\"more-link\" href=\"https:\/\/www.emdekonsult.se\/\">Forts\u00e4tt l\u00e4sa <span class=\"screen-reader-text\">V\u00e4lkommen till EMDE konsult<\/span><\/a><\/p>\n","protected":false},"author":1,"featured_media":0,"parent":0,"menu_order":0,"comment_status":"closed","ping_status":"closed","template":"","meta":{"footnotes":""},"class_list":["post-22","page","type-page","status-publish","hentry","entry"],"_links":{"self":[{"href":"https:\/\/www.emdekonsult.se\/index.php?rest_route=\/wp\/v2\/pages\/22","targetHints":{"allow":["GET"]}}],"collection":[{"href":"https:\/\/www.emdekonsult.se\/index.php?rest_route=\/wp\/v2\/pages"}],"about":[{"href":"https:\/\/www.emdekonsult.se\/index.php?rest_route=\/wp\/v2\/types\/page"}],"author":[{"embeddable":true,"href":"https:\/\/www.emdekonsult.se\/index.php?rest_route=\/wp\/v2\/users\/1"}],"replies":[{"embeddable":true,"href":"https:\/\/www.emdekonsult.se\/index.php?rest_route=%2Fwp%2Fv2%2Fcomments&post=22"}],"version-history":[{"count":12,"href":"https:\/\/www.emdekonsult.se\/index.php?rest_route=\/wp\/v2\/pages\/22\/revisions"}],"predecessor-version":[{"id":91,"href":"https:\/\/www.emdekonsult.se\/index.php?rest_route=\/wp\/v2\/pages\/22\/revisions\/91"}],"wp:attachment":[{"href":"https:\/\/www.emdekonsult.se\/index.php?rest_route=%2Fwp%2Fv2%2Fmedia&parent=22"}],"curies":[{"name":"wp","href":"https:\/\/api.w.org\/{rel}","templated":true}]}}